{"id":6,"date":"2022-12-03T20:27:30","date_gmt":"2022-12-03T20:27:30","guid":{"rendered":"https:\/\/idakub.com\/academics\/?page_id=6"},"modified":"2026-02-14T18:34:21","modified_gmt":"2026-02-14T18:34:21","slug":"books","status":"publish","type":"page","link":"https:\/\/idakub.com\/academics\/books\/","title":{"rendered":"Books"},"content":{"rendered":"\n<h1 class=\"wp-block-heading\"><mark style=\"background-color:rgba(0, 0, 0, 0)\" class=\"has-inline-color has-tertiary-color\">Books<\/mark><\/h1>\n\n\n\n<div style=\"height:50px\" aria-hidden=\"true\" class=\"wp-block-spacer\"><\/div>\n\n\n\n<div class=\"wp-block-columns is-layout-flex wp-container-core-columns-is-layout-28f84493 wp-block-columns-is-layout-flex\">\n<div class=\"wp-block-column is-layout-flow wp-block-column-is-layout-flow\" style=\"flex-basis:20%\">\n<figure class=\"wp-block-image size-full is-resized\"><img data-recalc-dims=\"1\" loading=\"lazy\" decoding=\"async\" width=\"500\" height=\"744\" src=\"https:\/\/i0.wp.com\/idakub.com\/academics\/wp-content\/uploads\/2022\/12\/Rieger_CoverComp2.png?resize=500%2C744&#038;ssl=1\" alt=\"\" class=\"wp-image-142\" style=\"width:193px;height:287px\" srcset=\"https:\/\/i0.wp.com\/idakub.com\/academics\/wp-content\/uploads\/2022\/12\/Rieger_CoverComp2.png?w=500&amp;ssl=1 500w, https:\/\/i0.wp.com\/idakub.com\/academics\/wp-content\/uploads\/2022\/12\/Rieger_CoverComp2.png?resize=202%2C300&amp;ssl=1 202w, https:\/\/i0.wp.com\/idakub.com\/academics\/wp-content\/uploads\/2022\/12\/Rieger_CoverComp2.png?resize=298%2C444&amp;ssl=1 298w\" sizes=\"auto, (max-width: 500px) 100vw, 500px\" \/><\/figure>\n<\/div>\n\n\n\n<div class=\"wp-block-column is-layout-flow wp-block-column-is-layout-flow\" style=\"flex-basis:80%\">\n<h2 class=\"wp-block-heading\">Toward an Integrated Science of Wellbeing<\/h2>\n\n\n\n<p class=\"\">Rieger, E., R. Costanza, <strong>I. Kubiszewski<\/strong>, and P. Dugdale (eds). 2023. Oxford University Press.<\/p>\n\n\n\n<p class=\"\">An integrated science of wellbeing connects diverse scales and perspectives to better guide research and public policy. The contributing authors are distinguished in their respective fields, and provide a synthesis of this wellbeing research. But in each chapter, they also consider the interconnections between the psychological, human biological, societal, and environmental domains of wellbeing research. Hence, while the book is divided into four sections representing each of these domains, integration across all scales is sought throughout. This integrated approach offers a first step toward a more complete understanding of wellbeing that can propel wellbeing research and initiatives in novel and fruitful directions.<\/p>\n\n\n\n<p class=\"\"><a href=\"https:\/\/academic.oup.com\/book\/46095\">Buy the book&#8230;<\/a><\/p>\n<\/div>\n<\/div>\n\n\n\n<hr class=\"is-style-wide wp-block-separator has-alpha-channel-opacity\"\/>\n\n\n\n<div class=\"wp-block-columns is-layout-flex wp-container-core-columns-is-layout-28f84493 wp-block-columns-is-layout-flex\">\n<div class=\"wp-block-column is-layout-flow wp-block-column-is-layout-flow\" style=\"flex-basis:20%\">\n<figure class=\"wp-block-image size-full is-resized\"><img data-recalc-dims=\"1\" loading=\"lazy\" decoding=\"async\" width=\"472\" height=\"707\" src=\"https:\/\/i0.wp.com\/idakub.com\/academics\/wp-content\/uploads\/2022\/12\/CoverFront_small.jpg?resize=472%2C707&#038;ssl=1\" alt=\"\" class=\"wp-image-123\" style=\"width:193px;height:290px\" srcset=\"https:\/\/i0.wp.com\/idakub.com\/academics\/wp-content\/uploads\/2022\/12\/CoverFront_small.jpg?w=472&amp;ssl=1 472w, https:\/\/i0.wp.com\/idakub.com\/academics\/wp-content\/uploads\/2022\/12\/CoverFront_small.jpg?resize=200%2C300&amp;ssl=1 200w, https:\/\/i0.wp.com\/idakub.com\/academics\/wp-content\/uploads\/2022\/12\/CoverFront_small.jpg?resize=296%2C444&amp;ssl=1 296w\" sizes=\"auto, (max-width: 472px) 100vw, 472px\" \/><\/figure>\n<\/div>\n\n\n\n<div class=\"wp-block-column is-layout-flow wp-block-column-is-layout-flow\" style=\"flex-basis:80%\">\n<h2 class=\"wp-block-heading\">Sustainable Wellbeing Futures: A Research and Action Agenda for Ecological Economics<\/h2>\n\n\n\n<p class=\"\">Costanza, R., J. D. Erickson, J. Farley, and <strong>I. Kubiszewski<\/strong> (eds). 2020. Edward Elgar.<\/p>\n\n\n\n<p class=\"\">Ecological economics can help create the future that most people want \u2013 a future that is prosperous, just, equitable and sustainable. This forward-thinking book lays out an alternative approach that places the sustainable wellbeing of humans and the rest of nature as the overarching goal. Each of the book\u2019s chapters, written by a diverse collection of scholars and practitioners, outlines a research and action agenda for how this future can look and possible actions for its realisation.<\/p>\n\n\n\n<p class=\"\"><a href=\"https:\/\/www.e-elgar.com\/shop\/gbp\/sustainable-wellbeing-futures-9781789900941.html\" target=\"_blank\" rel=\"noreferrer noopener\">Buy the book\u2026<\/a><\/p>\n<\/div>\n<\/div>\n\n\n\n<hr class=\"is-style-wide wp-block-separator has-alpha-channel-opacity\"\/>\n\n\n\n<div class=\"wp-block-columns is-layout-flex wp-container-core-columns-is-layout-28f84493 wp-block-columns-is-layout-flex\">\n<div class=\"wp-block-column is-layout-flow wp-block-column-is-layout-flow\" style=\"flex-basis:20%\">\n<figure class=\"wp-block-image size-full is-resized\"><img data-recalc-dims=\"1\" loading=\"lazy\" decoding=\"async\" width=\"552\" height=\"800\" src=\"https:\/\/i0.wp.com\/idakub.com\/academics\/wp-content\/uploads\/2022\/12\/BookEcoEco_small.jpg?resize=552%2C800&#038;ssl=1\" alt=\"\" class=\"wp-image-134\" style=\"width:193px;height:280px\" srcset=\"https:\/\/i0.wp.com\/idakub.com\/academics\/wp-content\/uploads\/2022\/12\/BookEcoEco_small.jpg?w=552&amp;ssl=1 552w, https:\/\/i0.wp.com\/idakub.com\/academics\/wp-content\/uploads\/2022\/12\/BookEcoEco_small.jpg?resize=207%2C300&amp;ssl=1 207w, https:\/\/i0.wp.com\/idakub.com\/academics\/wp-content\/uploads\/2022\/12\/BookEcoEco_small.jpg?resize=306%2C444&amp;ssl=1 306w\" sizes=\"auto, (max-width: 552px) 100vw, 552px\" \/><\/figure>\n<\/div>\n\n\n\n<div class=\"wp-block-column is-layout-flow wp-block-column-is-layout-flow\" style=\"flex-basis:80%\">\n<h2 class=\"wp-block-heading\">An Introduction to Ecological Economics, Second Edition<\/h2>\n\n\n\n<p class=\"\">Costanza, R., J. C. Cumberland, H. E. Daly, R. Goodland, R. Norgaard,<strong> I Kubiszewski<\/strong>, and C. Franco. 2014. Taylor and Francis.<\/p>\n\n\n\n<p class=\"\">Ecological economics explores new ways of thinking about how we manage our lives and our planet to achieve a sustainable, equitable, and prosperous future. Ecological economics extends and integrates the study and management of both \u201cnature\u2019s household\u201d and \u201chumankind\u2019s household\u201d\u2015An Introduction to Ecological Economics, Second Edition, the first update and expansion of this classic text in 15 years, describes new approaches to achieving a sustainable and desirable human presence on Earth. Written by the top experts in the field, it addresses the necessity for an innovative approach to integrated environmental, social, and economic analysis and management, and describes policies aimed at achieving our shared goals.<\/p>\n\n\n\n<p class=\"\"><a href=\"https:\/\/www.amazon.com\/Introduction-Ecological-Economics-Second\/dp\/156670684X\" target=\"_blank\" rel=\"noreferrer noopener\">Buy the book\u2026<\/a><\/p>\n<\/div>\n<\/div>\n\n\n\n<hr class=\"is-style-wide wp-block-separator has-alpha-channel-opacity\"\/>\n\n\n\n<div class=\"wp-block-columns is-layout-flex wp-container-core-columns-is-layout-28f84493 wp-block-columns-is-layout-flex\">\n<div class=\"wp-block-column is-layout-flow wp-block-column-is-layout-flow\" style=\"flex-basis:20%\">\n<figure class=\"wp-block-image size-full is-resized\"><img data-recalc-dims=\"1\" loading=\"lazy\" decoding=\"async\" width=\"333\" height=\"499\" src=\"https:\/\/i0.wp.com\/idakub.com\/academics\/wp-content\/uploads\/2022\/07\/SustainableFuture.jpg?resize=333%2C499&#038;ssl=1\" alt=\"\" class=\"wp-image-7\" style=\"width:193px;height:289px\" srcset=\"https:\/\/i0.wp.com\/idakub.com\/academics\/wp-content\/uploads\/2022\/07\/SustainableFuture.jpg?w=333&amp;ssl=1 333w, https:\/\/i0.wp.com\/idakub.com\/academics\/wp-content\/uploads\/2022\/07\/SustainableFuture.jpg?resize=200%2C300&amp;ssl=1 200w\" sizes=\"auto, (max-width: 333px) 100vw, 333px\" \/><\/figure>\n<\/div>\n\n\n\n<div class=\"wp-block-column is-layout-flow wp-block-column-is-layout-flow\" style=\"flex-basis:80%\">\n<h2 class=\"wp-block-heading\">Creating a Sustainable and Desirable Future: Insights from 45 global thought leaders<\/h2>\n\n\n\n<p class=\"\">Costanza, R.&nbsp;and<strong> I. Kubiszewski<\/strong> (eds). 2014. World Scientific.<\/p>\n\n\n\n<p class=\"\">The major challenge for the current generation of mankind is to develop a shared vision of a future that is both desirable to the vast majority of humanity and ecologically sustainable.&nbsp;<em>Creating a Sustainable and Desirable Future<\/em>&nbsp;offers a broad, critical discussion on what such a future should or can be, with global perspectives written by some of the world\u2019s leading thinkers, including: Wendell Berry, Van Jones, Frances Moore Lappe, Peggy Liu, Hunter Lovins, Gus Speth, Bill McKibben, and many more.<\/p>\n\n\n\n<p class=\"\"><a href=\"https:\/\/www.amazon.com\/Creating-Sustainable-Desirable-Future-Insights\/dp\/981463025X\" target=\"_blank\" rel=\"noreferrer noopener\">Buy the book\u2026<\/a><\/p>\n<\/div>\n<\/div>\n\n\n\n<hr class=\"is-style-wide wp-block-separator has-alpha-channel-opacity\"\/>\n\n\n\n<div class=\"wp-block-columns is-layout-flex wp-container-core-columns-is-layout-28f84493 wp-block-columns-is-layout-flex\">\n<div class=\"wp-block-column is-layout-flow wp-block-column-is-layout-flow\" style=\"flex-basis:20%\">\n<figure class=\"wp-block-image size-full is-resized\"><img data-recalc-dims=\"1\" loading=\"lazy\" decoding=\"async\" width=\"440\" height=\"625\" src=\"https:\/\/i0.wp.com\/idakub.com\/academics\/wp-content\/uploads\/2022\/12\/BookEcoSocNat.png?resize=440%2C625&#038;ssl=1\" alt=\"\" class=\"wp-image-139\" style=\"width:193px;height:275px\" srcset=\"https:\/\/i0.wp.com\/idakub.com\/academics\/wp-content\/uploads\/2022\/12\/BookEcoSocNat.png?w=440&amp;ssl=1 440w, https:\/\/i0.wp.com\/idakub.com\/academics\/wp-content\/uploads\/2022\/12\/BookEcoSocNat.png?resize=211%2C300&amp;ssl=1 211w, https:\/\/i0.wp.com\/idakub.com\/academics\/wp-content\/uploads\/2022\/12\/BookEcoSocNat.png?resize=313%2C444&amp;ssl=1 313w\" sizes=\"auto, (max-width: 440px) 100vw, 440px\" \/><\/figure>\n<\/div>\n\n\n\n<div class=\"wp-block-column is-layout-flow wp-block-column-is-layout-flow\" style=\"flex-basis:80%\">\n<h2 class=\"wp-block-heading\">Building a Sustainable and Desirable Economy-in-Society-in-Nature<\/h2>\n\n\n\n<p class=\"\">Costanza, R., G. Alperovitz, H. Daly, J. Farley, C. Franco, T. Jackson, <strong>I, Kubiszewski<\/strong>, J. Schor, and P. Victor. 2013. ANU Press.<\/p>\n\n\n\n<p class=\"\">In this book, we discuss the need to focus more directly on the goal of sustainable human well-being rather than merely GDP growth. This includes protecting and restoring nature, achieving social and intergenerational fairness (including poverty alleviation), stabilizing population, and recognizing the significant nonmarket contributions to human well-being from natural and social capital. To do this, we need to develop better measures of progress that go well beyond GDP and begin to measure human well-being and its sustainability more directly.<\/p>\n\n\n\n<p class=\"\"><a href=\"http:\/\/press.anu.edu.au\/publications\/building-sustainable-and-desirable-economy-society-nature\" target=\"_blank\" rel=\"noreferrer noopener\">Buy the book\u2026<\/a><br><\/p>\n<\/div>\n<\/div>\n\n\n\n<hr class=\"is-style-wide wp-block-separator has-alpha-channel-opacity\"\/>\n\n\n\n<div class=\"wp-block-columns is-layout-flex wp-container-core-columns-is-layout-28f84493 wp-block-columns-is-layout-flex\">\n<div class=\"wp-block-column is-layout-flow wp-block-column-is-layout-flow\" style=\"flex-basis:20%\">\n<figure class=\"wp-block-image size-full is-resized\"><img data-recalc-dims=\"1\" loading=\"lazy\" decoding=\"async\" width=\"324\" height=\"499\" src=\"https:\/\/i0.wp.com\/idakub.com\/academics\/wp-content\/uploads\/2022\/12\/Frenchbook.jpg?resize=324%2C499&#038;ssl=1\" alt=\"\" class=\"wp-image-148\" style=\"width:193px;height:297px\" srcset=\"https:\/\/i0.wp.com\/idakub.com\/academics\/wp-content\/uploads\/2022\/12\/Frenchbook.jpg?w=324&amp;ssl=1 324w, https:\/\/i0.wp.com\/idakub.com\/academics\/wp-content\/uploads\/2022\/12\/Frenchbook.jpg?resize=195%2C300&amp;ssl=1 195w, https:\/\/i0.wp.com\/idakub.com\/academics\/wp-content\/uploads\/2022\/12\/Frenchbook.jpg?resize=288%2C444&amp;ssl=1 288w\" sizes=\"auto, (max-width: 324px) 100vw, 324px\" \/><\/figure>\n<\/div>\n\n\n\n<div class=\"wp-block-column is-layout-flow wp-block-column-is-layout-flow\" style=\"flex-basis:80%\">\n<h2 class=\"wp-block-heading\">Vivement 2050! Programme pour une \u00e9conomie soutenable et d\u00e9sirable<\/h2>\n\n\n\n<p class=\"\">Costanza, R., G. Alperovitz, H. Daly, J. Farley, C. Franco, T. Jackson, <strong>I, Kubiszewski<\/strong>, J. Schor, and P. Victor. 2013. Les Petits Matins.<\/p>\n\n\n\n<p class=\"\">Les principes qui fondent l\u2019\u00e9conomie mondiale doivent changer, et vite ! Nos modes de vie s\u2019accompagnent de pr\u00e9l\u00e8vements qui d\u00e9truisent les ressources limit\u00e9es de la plan\u00e8te et menacent les bases m\u00eames de la vie. Pire, la poursuite de la croissance a cess\u00e9 d\u2019am\u00e9liorer le bien-\u00eatre dans les pays riches tandis que pauvret\u00e9 et sous-alimentation perdurent au Sud. La bonne nouvelle est qu\u2019il serait possible de satisfaire les besoins de tous, de concilier le n\u00e9cessaire et le souhaitable, et de vivre mieux dans une \u00e9conomie rendue enfin durable. Ce livre brosse un panorama des solutions \u00e0 mettre en oeuvre: prendre en compte les limites \u00e9cologiques (\u00e9missions de d\u00e9chets, exploitation des ressources), abandonner l\u2019objectif de croissance du PIB au profit de l\u2019am\u00e9lioration du bien-\u00eatre humain, rediriger nos techniques de production vers des solutions durables, renforcer le capital humain et social (r\u00e9duction du temps de travail, lutte contre les in\u00e9galit\u00e9s), r\u00e9aliser des r\u00e9formes financi\u00e8res et fiscales \u00e9cologiques. De quoi aller vers plus de bien-\u00eatre, de prosp\u00e9rit\u00e9 et de d\u00e9mocratie dans le respect de la biosph\u00e8re. Cela ne se fera pas en un jour. D\u2019o\u00f9 la n\u00e9cessit\u00e9 d\u2019engager rapidement les mutations n\u00e9cessaires. Vivement 2050!<\/p>\n\n\n\n<p><a href=\"http:\/\/press.anu.edu.au\/publications\/building-sustainable-and-desirable-economy-society-nature\" target=\"_blank\" rel=\"noreferrer noopener\"><a href=\"https:\/\/www.amazon.fr\/Vivement-2050-Programme-soutenable-d%C3%A9sirable\/dp\/2363830857\" target=\"_blank\" rel=\"noreferrer noopener\">Acheter le livre\u2026<\/a><\/a><br><\/p>\n<\/div>\n<\/div>\n\n\n\n<p class=\"\"><\/p>\n","protected":false},"excerpt":{"rendered":"<p>Books Toward an Integrated Science of Wellbeing Rieger, E., R. Costanza, I. Kubiszewski, and P. Dugdale (eds). 2023. Oxford University Press. An integrated science of wellbeing connects diverse scales and perspectives to better guide research and public policy. The contributing authors are distinguished in their respective fields, and provide a synthesis of this wellbeing research. [&hellip;]<\/p>\n","protected":false},"author":1,"featured_media":427,"parent":0,"menu_order":0,"comment_status":"closed","ping_status":"closed","template":"","meta":{"nf_dc_page":"","om_disable_all_campaigns":false,"_monsterinsights_skip_tracking":false,"_monsterinsights_sitenote_active":false,"_monsterinsights_sitenote_note":"","_monsterinsights_sitenote_category":0,"footnotes":""},"class_list":["post-6","page","type-page","status-publish","has-post-thumbnail","hentry"],"yoast_head":"<!-- This site is optimized with the Yoast SEO plugin v27.4 - https:\/\/yoast.com\/product\/yoast-seo-wordpress\/ -->\n<title>Books -<\/title>\n<meta name=\"robots\" content=\"index, follow, max-snippet:-1, max-image-preview:large, max-video-preview:-1\" \/>\n<link rel=\"canonical\" href=\"https:\/\/idakub.com\/academics\/books\/\" \/>\n<meta property=\"og:locale\" content=\"en_GB\" \/>\n<meta property=\"og:type\" content=\"article\" \/>\n<meta property=\"og:title\" content=\"Books -\" \/>\n<meta property=\"og:description\" content=\"Books Toward an Integrated Science of Wellbeing Rieger, E., R. Costanza, I. Kubiszewski, and P. Dugdale (eds). 2023. Oxford University Press. An integrated science of wellbeing connects diverse scales and perspectives to better guide research and public policy. The contributing authors are distinguished in their respective fields, and provide a synthesis of this wellbeing research. [&hellip;]\" \/>\n<meta property=\"og:url\" content=\"https:\/\/idakub.com\/academics\/books\/\" \/>\n<meta property=\"article:modified_time\" content=\"2026-02-14T18:34:21+00:00\" \/>\n<meta property=\"og:image\" content=\"https:\/\/idakub.com\/academics\/wp-content\/uploads\/2022\/12\/books-1000px.jpg\" \/>\n\t<meta property=\"og:image:width\" content=\"1000\" \/>\n\t<meta property=\"og:image:height\" content=\"312\" \/>\n\t<meta property=\"og:image:type\" content=\"image\/jpeg\" \/>\n<meta name=\"twitter:card\" content=\"summary_large_image\" \/>\n<meta name=\"twitter:label1\" content=\"Estimated reading time\" \/>\n\t<meta name=\"twitter:data1\" content=\"5 minutes\" \/>\n<script type=\"application\/ld+json\" class=\"yoast-schema-graph\">{\"@context\":\"https:\\\/\\\/schema.org\",\"@graph\":[{\"@type\":\"WebPage\",\"@id\":\"https:\\\/\\\/idakub.com\\\/academics\\\/books\\\/\",\"url\":\"https:\\\/\\\/idakub.com\\\/academics\\\/books\\\/\",\"name\":\"Books -\",\"isPartOf\":{\"@id\":\"https:\\\/\\\/idakub.com\\\/academics\\\/#website\"},\"primaryImageOfPage\":{\"@id\":\"https:\\\/\\\/idakub.com\\\/academics\\\/books\\\/#primaryimage\"},\"image\":{\"@id\":\"https:\\\/\\\/idakub.com\\\/academics\\\/books\\\/#primaryimage\"},\"thumbnailUrl\":\"https:\\\/\\\/i0.wp.com\\\/idakub.com\\\/academics\\\/wp-content\\\/uploads\\\/2022\\\/12\\\/books-1000px.jpg?fit=1000%2C312&ssl=1\",\"datePublished\":\"2022-12-03T20:27:30+00:00\",\"dateModified\":\"2026-02-14T18:34:21+00:00\",\"breadcrumb\":{\"@id\":\"https:\\\/\\\/idakub.com\\\/academics\\\/books\\\/#breadcrumb\"},\"inLanguage\":\"en-GB\",\"potentialAction\":[{\"@type\":\"ReadAction\",\"target\":[\"https:\\\/\\\/idakub.com\\\/academics\\\/books\\\/\"]}]},{\"@type\":\"ImageObject\",\"inLanguage\":\"en-GB\",\"@id\":\"https:\\\/\\\/idakub.com\\\/academics\\\/books\\\/#primaryimage\",\"url\":\"https:\\\/\\\/i0.wp.com\\\/idakub.com\\\/academics\\\/wp-content\\\/uploads\\\/2022\\\/12\\\/books-1000px.jpg?fit=1000%2C312&ssl=1\",\"contentUrl\":\"https:\\\/\\\/i0.wp.com\\\/idakub.com\\\/academics\\\/wp-content\\\/uploads\\\/2022\\\/12\\\/books-1000px.jpg?fit=1000%2C312&ssl=1\",\"width\":1000,\"height\":312},{\"@type\":\"BreadcrumbList\",\"@id\":\"https:\\\/\\\/idakub.com\\\/academics\\\/books\\\/#breadcrumb\",\"itemListElement\":[{\"@type\":\"ListItem\",\"position\":1,\"name\":\"Home\",\"item\":\"https:\\\/\\\/idakub.com\\\/academics\\\/\"},{\"@type\":\"ListItem\",\"position\":2,\"name\":\"Books\"}]},{\"@type\":\"WebSite\",\"@id\":\"https:\\\/\\\/idakub.com\\\/academics\\\/#website\",\"url\":\"https:\\\/\\\/idakub.com\\\/academics\\\/\",\"name\":\"\",\"description\":\"\",\"potentialAction\":[{\"@type\":\"SearchAction\",\"target\":{\"@type\":\"EntryPoint\",\"urlTemplate\":\"https:\\\/\\\/idakub.com\\\/academics\\\/?s={search_term_string}\"},\"query-input\":{\"@type\":\"PropertyValueSpecification\",\"valueRequired\":true,\"valueName\":\"search_term_string\"}}],\"inLanguage\":\"en-GB\"}]}<\/script>\n<!-- \/ Yoast SEO plugin. -->","yoast_head_json":{"title":"Books -","robots":{"index":"index","follow":"follow","max-snippet":"max-snippet:-1","max-image-preview":"max-image-preview:large","max-video-preview":"max-video-preview:-1"},"canonical":"https:\/\/idakub.com\/academics\/books\/","og_locale":"en_GB","og_type":"article","og_title":"Books -","og_description":"Books Toward an Integrated Science of Wellbeing Rieger, E., R. Costanza, I. Kubiszewski, and P. Dugdale (eds). 2023. Oxford University Press. An integrated science of wellbeing connects diverse scales and perspectives to better guide research and public policy. The contributing authors are distinguished in their respective fields, and provide a synthesis of this wellbeing research. [&hellip;]","og_url":"https:\/\/idakub.com\/academics\/books\/","article_modified_time":"2026-02-14T18:34:21+00:00","og_image":[{"width":1000,"height":312,"url":"https:\/\/idakub.com\/academics\/wp-content\/uploads\/2022\/12\/books-1000px.jpg","type":"image\/jpeg"}],"twitter_card":"summary_large_image","twitter_misc":{"Estimated reading time":"5 minutes"},"schema":{"@context":"https:\/\/schema.org","@graph":[{"@type":"WebPage","@id":"https:\/\/idakub.com\/academics\/books\/","url":"https:\/\/idakub.com\/academics\/books\/","name":"Books -","isPartOf":{"@id":"https:\/\/idakub.com\/academics\/#website"},"primaryImageOfPage":{"@id":"https:\/\/idakub.com\/academics\/books\/#primaryimage"},"image":{"@id":"https:\/\/idakub.com\/academics\/books\/#primaryimage"},"thumbnailUrl":"https:\/\/i0.wp.com\/idakub.com\/academics\/wp-content\/uploads\/2022\/12\/books-1000px.jpg?fit=1000%2C312&ssl=1","datePublished":"2022-12-03T20:27:30+00:00","dateModified":"2026-02-14T18:34:21+00:00","breadcrumb":{"@id":"https:\/\/idakub.com\/academics\/books\/#breadcrumb"},"inLanguage":"en-GB","potentialAction":[{"@type":"ReadAction","target":["https:\/\/idakub.com\/academics\/books\/"]}]},{"@type":"ImageObject","inLanguage":"en-GB","@id":"https:\/\/idakub.com\/academics\/books\/#primaryimage","url":"https:\/\/i0.wp.com\/idakub.com\/academics\/wp-content\/uploads\/2022\/12\/books-1000px.jpg?fit=1000%2C312&ssl=1","contentUrl":"https:\/\/i0.wp.com\/idakub.com\/academics\/wp-content\/uploads\/2022\/12\/books-1000px.jpg?fit=1000%2C312&ssl=1","width":1000,"height":312},{"@type":"BreadcrumbList","@id":"https:\/\/idakub.com\/academics\/books\/#breadcrumb","itemListElement":[{"@type":"ListItem","position":1,"name":"Home","item":"https:\/\/idakub.com\/academics\/"},{"@type":"ListItem","position":2,"name":"Books"}]},{"@type":"WebSite","@id":"https:\/\/idakub.com\/academics\/#website","url":"https:\/\/idakub.com\/academics\/","name":"","description":"","potentialAction":[{"@type":"SearchAction","target":{"@type":"EntryPoint","urlTemplate":"https:\/\/idakub.com\/academics\/?s={search_term_string}"},"query-input":{"@type":"PropertyValueSpecification","valueRequired":true,"valueName":"search_term_string"}}],"inLanguage":"en-GB"}]}},"jetpack_sharing_enabled":true,"_links":{"self":[{"href":"https:\/\/idakub.com\/academics\/wp-json\/wp\/v2\/pages\/6","targetHints":{"allow":["GET"]}}],"collection":[{"href":"https:\/\/idakub.com\/academics\/wp-json\/wp\/v2\/pages"}],"about":[{"href":"https:\/\/idakub.com\/academics\/wp-json\/wp\/v2\/types\/page"}],"author":[{"embeddable":true,"href":"https:\/\/idakub.com\/academics\/wp-json\/wp\/v2\/users\/1"}],"replies":[{"embeddable":true,"href":"https:\/\/idakub.com\/academics\/wp-json\/wp\/v2\/comments?post=6"}],"version-history":[{"count":5,"href":"https:\/\/idakub.com\/academics\/wp-json\/wp\/v2\/pages\/6\/revisions"}],"predecessor-version":[{"id":681,"href":"https:\/\/idakub.com\/academics\/wp-json\/wp\/v2\/pages\/6\/revisions\/681"}],"wp:featuredmedia":[{"embeddable":true,"href":"https:\/\/idakub.com\/academics\/wp-json\/wp\/v2\/media\/427"}],"wp:attachment":[{"href":"https:\/\/idakub.com\/academics\/wp-json\/wp\/v2\/media?parent=6"}],"curies":[{"name":"wp","href":"https:\/\/api.w.org\/{rel}","templated":true}]}}